{"id":2,"date":"2023-02-23T06:19:29","date_gmt":"2023-02-23T06:19:29","guid":{"rendered":"http:\/\/lesbullesdecarine.com\/?page_id=2"},"modified":"2025-12-02T21:37:14","modified_gmt":"2025-12-02T20:37:14","slug":"sample-page","status":"publish","type":"page","link":"https:\/\/lesbullesdecarine.com\/","title":{"rendered":"LES BULLES DE CARINE"},"content":{"rendered":"\n<h1 class=\"wp-block-heading has-text-align-center\"><strong>Espace Bien-\u00catre<\/strong><\/h1>\n\n\n\n<p class=\"has-text-align-center\">Soins \u00e9nerg\u00e9tiques &#8211; Magn\u00e9tisme<\/p>\n\n\n\n<hr class=\"wp-block-separator has-alpha-channel-opacity\"\/>\n\n\n\n<p class=\"has-text-align-center\"><strong><a href=\"http:\/\/www.altertherapie.com\" target=\"_blank\" rel=\"noopener\" title=\"\">Massages  5 Continents M5C \/ LHL<\/a><\/strong><\/p>\n\n\n\n<hr class=\"wp-block-separator has-alpha-channel-opacity\"\/>\n\n\n\n<p class=\"has-text-align-center\"><strong><a href=\"http:\/\/www.altertherapie.com\/boutique\/\" target=\"_blank\" rel=\"noopener\" title=\"\">Boutique  Esot\u00e9rique \/ Lithoth\u00e9rapie<\/a><\/strong><\/p>\n\n\n\n<p class=\"has-text-align-center\"><a href=\"https:\/\/www.altertherapie.com\/fablab\/\" target=\"_blank\" rel=\"noopener\" title=\"3 D \/ Laser\">FabLage LAserb<\/a><\/p>\n\n\n\n<figure class=\"wp-block-gallery aligncenter has-nested-images columns-4 is-cropped wp-block-gallery-1 is-layout-flex wp-block-gallery-is-layout-flex\">\n<figure class=\"wp-block-image size-large\"><img loading=\"lazy\" decoding=\"async\" width=\"1024\" height=\"768\" data-id=\"47\" src=\"https:\/\/lesbullesdecarine.com\/wp-content\/uploads\/2024\/03\/lasource-1678368292_1678372898_73152_57fe33e-1024x768.jpg\" alt=\"\" class=\"wp-image-47\" srcset=\"https:\/\/lesbullesdecarine.com\/wp-content\/uploads\/2024\/03\/lasource-1678368292_1678372898_73152_57fe33e-1024x768.jpg 1024w, https:\/\/lesbullesdecarine.com\/wp-content\/uploads\/2024\/03\/lasource-1678368292_1678372898_73152_57fe33e-300x225.jpg 300w, https:\/\/lesbullesdecarine.com\/wp-content\/uploads\/2024\/03\/lasource-1678368292_1678372898_73152_57fe33e-768x576.jpg 768w, https:\/\/lesbullesdecarine.com\/wp-content\/uploads\/2024\/03\/lasource-1678368292_1678372898_73152_57fe33e-1536x1152.jpg 1536w, https:\/\/lesbullesdecarine.com\/wp-content\/uploads\/2024\/03\/lasource-1678368292_1678372898_73152_57fe33e-2048x1536.jpg 2048w\" sizes=\"auto, (max-width: 1024px) 100vw, 1024px\" \/><\/figure>\n\n\n\n<figure class=\"wp-block-image size-large\"><img loading=\"lazy\" decoding=\"async\" width=\"1024\" height=\"768\" data-id=\"40\" src=\"https:\/\/lesbullesdecarine.com\/wp-content\/uploads\/2024\/03\/lasource-1678368292_1678373153_73198_87861bf-1024x768.jpg\" alt=\"\" class=\"wp-image-40\" srcset=\"https:\/\/lesbullesdecarine.com\/wp-content\/uploads\/2024\/03\/lasource-1678368292_1678373153_73198_87861bf-1024x768.jpg 1024w, https:\/\/lesbullesdecarine.com\/wp-content\/uploads\/2024\/03\/lasource-1678368292_1678373153_73198_87861bf-300x225.jpg 300w, https:\/\/lesbullesdecarine.com\/wp-content\/uploads\/2024\/03\/lasource-1678368292_1678373153_73198_87861bf-768x576.jpg 768w, https:\/\/lesbullesdecarine.com\/wp-content\/uploads\/2024\/03\/lasource-1678368292_1678373153_73198_87861bf-1536x1152.jpg 1536w, https:\/\/lesbullesdecarine.com\/wp-content\/uploads\/2024\/03\/lasource-1678368292_1678373153_73198_87861bf-2048x1536.jpg 2048w\" sizes=\"auto, (max-width: 1024px) 100vw, 1024px\" \/><\/figure>\n\n\n\n<figure class=\"wp-block-image size-medium\"><img loading=\"lazy\" decoding=\"async\" width=\"300\" height=\"225\" data-id=\"41\" src=\"https:\/\/lesbullesdecarine.com\/wp-content\/uploads\/2024\/03\/lasource-1678368292_1678373272_73325_d6c2a8e-300x225.jpg\" alt=\"\" class=\"wp-image-41\" srcset=\"https:\/\/lesbullesdecarine.com\/wp-content\/uploads\/2024\/03\/lasource-1678368292_1678373272_73325_d6c2a8e-300x225.jpg 300w, https:\/\/lesbullesdecarine.com\/wp-content\/uploads\/2024\/03\/lasource-1678368292_1678373272_73325_d6c2a8e-1024x768.jpg 1024w, https:\/\/lesbullesdecarine.com\/wp-content\/uploads\/2024\/03\/lasource-1678368292_1678373272_73325_d6c2a8e-768x576.jpg 768w, https:\/\/lesbullesdecarine.com\/wp-content\/uploads\/2024\/03\/lasource-1678368292_1678373272_73325_d6c2a8e-1536x1152.jpg 1536w, https:\/\/lesbullesdecarine.com\/wp-content\/uploads\/2024\/03\/lasource-1678368292_1678373272_73325_d6c2a8e-2048x1536.jpg 2048w\" sizes=\"auto, (max-width: 300px) 100vw, 300px\" \/><\/figure>\n\n\n\n<figure class=\"wp-block-image size-large\"><img loading=\"lazy\" decoding=\"async\" width=\"1024\" height=\"768\" data-id=\"42\" src=\"https:\/\/lesbullesdecarine.com\/wp-content\/uploads\/2024\/03\/lasource-1678368292_1678373364_73448_429b834-1024x768.jpg\" alt=\"\" class=\"wp-image-42\" srcset=\"https:\/\/lesbullesdecarine.com\/wp-content\/uploads\/2024\/03\/lasource-1678368292_1678373364_73448_429b834-1024x768.jpg 1024w, https:\/\/lesbullesdecarine.com\/wp-content\/uploads\/2024\/03\/lasource-1678368292_1678373364_73448_429b834-300x225.jpg 300w, https:\/\/lesbullesdecarine.com\/wp-content\/uploads\/2024\/03\/lasource-1678368292_1678373364_73448_429b834-768x576.jpg 768w, https:\/\/lesbullesdecarine.com\/wp-content\/uploads\/2024\/03\/lasource-1678368292_1678373364_73448_429b834-1536x1152.jpg 1536w, https:\/\/lesbullesdecarine.com\/wp-content\/uploads\/2024\/03\/lasource-1678368292_1678373364_73448_429b834-2048x1536.jpg 2048w\" sizes=\"auto, (max-width: 1024px) 100vw, 1024px\" \/><\/figure>\n\n\n\n<figure class=\"wp-block-image size-large\"><img loading=\"lazy\" decoding=\"async\" width=\"1024\" height=\"768\" data-id=\"43\" src=\"https:\/\/lesbullesdecarine.com\/wp-content\/uploads\/2024\/03\/lasource-1678368292_1678373449_73494_af3f970-1024x768.jpg\" alt=\"\" class=\"wp-image-43\" srcset=\"https:\/\/lesbullesdecarine.com\/wp-content\/uploads\/2024\/03\/lasource-1678368292_1678373449_73494_af3f970-1024x768.jpg 1024w, https:\/\/lesbullesdecarine.com\/wp-content\/uploads\/2024\/03\/lasource-1678368292_1678373449_73494_af3f970-300x225.jpg 300w, https:\/\/lesbullesdecarine.com\/wp-content\/uploads\/2024\/03\/lasource-1678368292_1678373449_73494_af3f970-768x576.jpg 768w, https:\/\/lesbullesdecarine.com\/wp-content\/uploads\/2024\/03\/lasource-1678368292_1678373449_73494_af3f970-1536x1152.jpg 1536w, https:\/\/lesbullesdecarine.com\/wp-content\/uploads\/2024\/03\/lasource-1678368292_1678373449_73494_af3f970-2048x1536.jpg 2048w\" sizes=\"auto, (max-width: 1024px) 100vw, 1024px\" \/><\/figure>\n\n\n\n<figure class=\"wp-block-image size-large\"><img loading=\"lazy\" decoding=\"async\" width=\"1024\" height=\"768\" data-id=\"44\" src=\"https:\/\/lesbullesdecarine.com\/wp-content\/uploads\/2024\/03\/lasource-1678368292_1678373495_73532_643e236-1024x768.jpg\" alt=\"\" class=\"wp-image-44\" srcset=\"https:\/\/lesbullesdecarine.com\/wp-content\/uploads\/2024\/03\/lasource-1678368292_1678373495_73532_643e236-1024x768.jpg 1024w, https:\/\/lesbullesdecarine.com\/wp-content\/uploads\/2024\/03\/lasource-1678368292_1678373495_73532_643e236-300x225.jpg 300w, https:\/\/lesbullesdecarine.com\/wp-content\/uploads\/2024\/03\/lasource-1678368292_1678373495_73532_643e236-768x576.jpg 768w, https:\/\/lesbullesdecarine.com\/wp-content\/uploads\/2024\/03\/lasource-1678368292_1678373495_73532_643e236-1536x1152.jpg 1536w, https:\/\/lesbullesdecarine.com\/wp-content\/uploads\/2024\/03\/lasource-1678368292_1678373495_73532_643e236-2048x1536.jpg 2048w\" sizes=\"auto, (max-width: 1024px) 100vw, 1024px\" \/><\/figure>\n\n\n\n<figure class=\"wp-block-image size-large\"><img loading=\"lazy\" decoding=\"async\" width=\"1024\" height=\"768\" data-id=\"45\" src=\"https:\/\/lesbullesdecarine.com\/wp-content\/uploads\/2024\/03\/lasource-1678368292_1678373532_73572_bf386fa-1024x768.jpg\" alt=\"\" class=\"wp-image-45\" srcset=\"https:\/\/lesbullesdecarine.com\/wp-content\/uploads\/2024\/03\/lasource-1678368292_1678373532_73572_bf386fa-1024x768.jpg 1024w, https:\/\/lesbullesdecarine.com\/wp-content\/uploads\/2024\/03\/lasource-1678368292_1678373532_73572_bf386fa-300x225.jpg 300w, https:\/\/lesbullesdecarine.com\/wp-content\/uploads\/2024\/03\/lasource-1678368292_1678373532_73572_bf386fa-768x576.jpg 768w, https:\/\/lesbullesdecarine.com\/wp-content\/uploads\/2024\/03\/lasource-1678368292_1678373532_73572_bf386fa-1536x1152.jpg 1536w, https:\/\/lesbullesdecarine.com\/wp-content\/uploads\/2024\/03\/lasource-1678368292_1678373532_73572_bf386fa-2048x1536.jpg 2048w\" sizes=\"auto, (max-width: 1024px) 100vw, 1024px\" \/><\/figure>\n<\/figure>\n\n\n\n<hr class=\"wp-block-separator has-alpha-channel-opacity\"\/>\n\n\n\n<p class=\"has-text-align-center\">Les Bulles de Carine &#8211; 2, rue de la source &#8211; 48 190 Bagnols les Bains &#8211; t\u00e9l : 07 86 64 42 57 &#8211; 06 89 41 25 29<\/p>\n\n\n\n<hr class=\"wp-block-separator has-alpha-channel-opacity\"\/>\n\n\n\n<p><\/p>\n","protected":false},"excerpt":{"rendered":"<p>Espace Bien-\u00catre Soins \u00e9nerg\u00e9tiques &#8211; Magn\u00e9tisme Massages 5 Continents M5C \/ LHL Boutique Esot\u00e9rique \/ Lithoth\u00e9rapie FabLage LAserb Les Bulles de Carine &#8211; 2, rue de la source &#8211; 48 190 Bagnols les Bains &#8211; t\u00e9l : 07 86 64 42 57 &#8211; 06 89 41 25 29<\/p>\n","protected":false},"author":1,"featured_media":0,"parent":0,"menu_order":0,"comment_status":"closed","ping_status":"open","template":"","meta":{"om_disable_all_campaigns":false,"_monsterinsights_skip_tracking":false,"_monsterinsights_sitenote_active":false,"_monsterinsights_sitenote_note":"","_monsterinsights_sitenote_category":0,"footnotes":""},"class_list":["post-2","page","type-page","status-publish","hentry"],"aioseo_notices":[],"jetpack_sharing_enabled":true,"_links":{"self":[{"href":"https:\/\/lesbullesdecarine.com\/index.php\/wp-json\/wp\/v2\/pages\/2","targetHints":{"allow":["GET"]}}],"collection":[{"href":"https:\/\/lesbullesdecarine.com\/index.php\/wp-json\/wp\/v2\/pages"}],"about":[{"href":"https:\/\/lesbullesdecarine.com\/index.php\/wp-json\/wp\/v2\/types\/page"}],"author":[{"embeddable":true,"href":"https:\/\/lesbullesdecarine.com\/index.php\/wp-json\/wp\/v2\/users\/1"}],"replies":[{"embeddable":true,"href":"https:\/\/lesbullesdecarine.com\/index.php\/wp-json\/wp\/v2\/comments?post=2"}],"version-history":[{"count":16,"href":"https:\/\/lesbullesdecarine.com\/index.php\/wp-json\/wp\/v2\/pages\/2\/revisions"}],"predecessor-version":[{"id":66,"href":"https:\/\/lesbullesdecarine.com\/index.php\/wp-json\/wp\/v2\/pages\/2\/revisions\/66"}],"wp:attachment":[{"href":"https:\/\/lesbullesdecarine.com\/index.php\/wp-json\/wp\/v2\/media?parent=2"}],"curies":[{"name":"wp","href":"https:\/\/api.w.org\/{rel}","templated":true}]}}